{"id":1055,"date":"2026-03-29T19:51:53","date_gmt":"2026-03-29T19:51:53","guid":{"rendered":"https:\/\/cavusuzumu.eco-travel.com.tr\/?page_id=1055"},"modified":"2026-04-03T13:08:03","modified_gmt":"2026-04-03T13:08:03","slug":"proje","status":"publish","type":"page","link":"https:\/\/cavusuzumu.eco-travel.com.tr\/en\/proje\/","title":{"rendered":"Project"},"content":{"rendered":"<div data-elementor-type=\"wp-page\" data-elementor-id=\"1055\" class=\"elementor elementor-1055\" data-elementor-post-type=\"page\">\n\t\t\t\t<div class=\"elementor-element elementor-element-bd08692 e-flex e-con-boxed e-con e-parent\" data-id=\"bd08692\" data-element_type=\"container\" data-settings=\"{&quot;background_background&quot;:&quot;classic&quot;}\">\n\t\t\t\t\t<div class=\"e-con-inner\">\n\t\t<div class=\"elementor-element elementor-element-2bf00f31 e-con-full e-flex e-con e-child\" data-id=\"2bf00f31\" data-element_type=\"container\">\n\t\t\t\t<div class=\"elementor-element elementor-element-1674e8f1 elementor-vertical-align-middle elementor-widget elementor-widget-icon-box\" data-id=\"1674e8f1\" data-element_type=\"widget\" data-widget_type=\"icon-box.default\">\n\t\t\t\t\t\t\t<div class=\"elementor-icon-box-wrapper\">\n\n\t\t\t\n\t\t\t\t\t\t<div class=\"elementor-icon-box-content\">\n\n\t\t\t\t\t\t\t\t\t<h5 class=\"elementor-icon-box-title\">\n\t\t\t\t\t\t<span  >\n\t\t\t\t\t\t\tTarihi ve K\u00fclt\u00fcrel Miras\u0131 S\u00fcrd\u00fcr\u00fclebilir K\u0131lmak \t\t\t\t\t\t<\/span>\n\t\t\t\t\t<\/h5>\n\t\t\t\t\n\t\t\t\t\n\t\t\t<\/div>\n\t\t\t\n\t\t<\/div>\n\t\t\t\t\t\t<\/div>\n\t\t\t\t<div class=\"elementor-element elementor-element-a34f1ae elementor-widget elementor-widget-text-editor\" data-id=\"a34f1ae\" data-element_type=\"widget\" data-widget_type=\"text-editor.default\">\n\t\t\t\t\t\t\t\t\t<p>Sadece s\u0131radan bir gezi de\u011fil, bir deneyim ser\u00fcveni&#8230;<\/p>\t\t\t\t\t\t\t\t<\/div>\n\t\t\t\t<div class=\"elementor-element elementor-element-16dfa8b elementor-widget-divider--view-line elementor-widget elementor-widget-divider\" data-id=\"16dfa8b\" data-element_type=\"widget\" data-widget_type=\"divider.default\">\n\t\t\t\t\t\t\t<div class=\"elementor-divider\">\n\t\t\t<span class=\"elementor-divider-separator\">\n\t\t\t\t\t\t<\/span>\n\t\t<\/div>\n\t\t\t\t\t\t<\/div>\n\t\t\t\t<div class=\"elementor-element elementor-element-55792868 elementor-widget elementor-widget-text-editor\" data-id=\"55792868\" data-element_type=\"widget\" data-widget_type=\"text-editor.default\">\n\t\t\t\t\t\t\t\t\t<p><span data-path-to-node=\"1,2\"><span class=\"citation-513\">Tarihi konaklar\u0131 ve otantik sokaklar\u0131yla b\u00fcy\u00fcleyen <strong>Safranbolu<\/strong>, ayn\u0131 zamanda ba\u011fc\u0131l\u0131k tarihinin <strong>Ge\u00e7 Roma<\/strong> d\u00f6nemine kadar uzand\u0131\u011f\u0131 k\u00f6kl\u00fc bir k\u00fclt\u00fcre ev sahipli\u011fi yapmaktad\u0131r<\/span><\/span><span data-path-to-node=\"1,4\">. <\/span><\/p><p><span data-path-to-node=\"1,6\"><span class=\"citation-512\">Arkeolojik buluntulardaki asma dal\u0131 ve \u00fcz\u00fcm salk\u0131m\u0131 kabartmalar\u0131, bu eme\u011fin nesilden nesile aktar\u0131lan k\u00fclt\u00fcrel bir kimlik oldu\u011funu kan\u0131tlamaktad\u0131r<\/span><\/span><span data-path-to-node=\"1,8\">. <\/span><\/p><p><span data-path-to-node=\"1,10\"><span class=\"citation-511\">Projemizin ba\u015frol\u00fcnde ise, <\/span><\/span><span data-path-to-node=\"1,13\"><span class=\"citation-510\"><strong>Eyl\u00fcl 2022<\/strong>&#8216;de <strong>Co\u011frafi \u0130\u015faret<\/strong> ile tescillenerek koruma alt\u0131na al\u0131nan \u00c7avu\u015f \u00fcz\u00fcm\u00fc yer almaktad\u0131r<\/span><\/span><span data-path-to-node=\"1,15\">. <\/span><\/p><p><span data-path-to-node=\"1,15\">Hedefimiz, kentin simge \u00fcr\u00fcnlerinden biri olan bu emsalsiz \u00fcz\u00fcm\u00fc<strong> salt bir tar\u0131m \u00fcr\u00fcn\u00fc olarak tan\u0131tman\u0131n \u00f6tesine ge\u00e7mek<\/strong>; hem geleneksel \u00fcretim y\u00f6ntemlerinin s\u00fcrd\u00fcr\u00fclebilirli\u011fine katk\u0131 sa\u011flamak hem de siz de\u011ferli ziyaret\u00e7ilerimizi bu tarihi mirasla yerinde bulu\u015fturmakt\u0131r. <\/span><\/p><p><span data-path-to-node=\"1,15\">Bu e\u015fsiz bulu\u015fmay\u0131 ta\u00e7land\u0131ran ise, sonbahar\u0131n bereketini tam anlam\u0131yla ya\u015fatacak b\u00fct\u00fcnc\u00fcl rotam\u0131zd\u0131r. <\/span><span data-path-to-node=\"1,17\"><span class=\"citation-509\">\u00c7avu\u015f \u00fcz\u00fcm\u00fc ba\u011f bozumu co\u015fkusunu<\/span><\/span><span data-path-to-node=\"1,20\"><span class=\"citation-508\">, mor tarlalardan \u00f6zenle toplanan safran hasad\u0131n\u0131n b\u00fcy\u00fcl\u00fc atmosferiyle birle\u015ftiriyoruz<\/span><\/span><span data-path-to-node=\"1,22\">.<\/span><\/p><p><span data-path-to-node=\"1,24\"><span class=\"citation-507\">\u00dcstelik bu deneyimi tarlada b\u0131rakm\u0131yor; ba\u011flardan toplanan \u00fcz\u00fcmlerin \u015f\u0131ras\u0131n\u0131n \u00e7\u0131kar\u0131larak b\u00fcy\u00fck bak\u0131r kazanlarda odun ate\u015finde \u015fifa kayna\u011f\u0131 pekmeze d\u00f6n\u00fc\u015ft\u00fc\u011f\u00fc <\/span><\/span><span data-path-to-node=\"1,27\"><span class=\"citation-506\">ve <strong>geleneksel usullerle<\/strong> mayalanarak do\u011fal \u00fcz\u00fcm sirkesi halini ald\u0131\u011f\u0131 uygulamal\u0131 at\u00f6lyelerimizle<\/span><\/span><span data-path-to-node=\"1,29\">, ziyaret\u00e7ilerimizin <strong>bu as\u0131rl\u0131k lezzet ser\u00fcveninin<\/strong> bizzat par\u00e7as\u0131 olmas\u0131n\u0131 sa\u011fl\u0131yoruz.<\/span><\/p>\t\t\t\t\t\t\t\t<\/div>\n\t\t\t\t<\/div>\n\t\t<div class=\"elementor-element elementor-element-99ffe45 e-con-full e-flex e-con e-child\" data-id=\"99ffe45\" data-element_type=\"container\" data-settings=\"{&quot;background_background&quot;:&quot;classic&quot;,&quot;background_motion_fx_motion_fx_scrolling&quot;:&quot;yes&quot;,&quot;background_motion_fx_scale_effect&quot;:&quot;yes&quot;,&quot;background_motion_fx_scale_direction&quot;:&quot;in-out&quot;,&quot;background_motion_fx_scale_speed&quot;:{&quot;unit&quot;:&quot;px&quot;,&quot;size&quot;:4,&quot;sizes&quot;:[]},&quot;background_motion_fx_scale_range&quot;:{&quot;unit&quot;:&quot;%&quot;,&quot;size&quot;:&quot;&quot;,&quot;sizes&quot;:{&quot;start&quot;:20,&quot;end&quot;:80}},&quot;background_motion_fx_devices&quot;:[&quot;desktop&quot;,&quot;tablet&quot;,&quot;mobile&quot;]}\">\n\t\t<div class=\"elementor-element elementor-element-53ebe5f e-con-full e-flex e-con e-child\" data-id=\"53ebe5f\" data-element_type=\"container\" data-settings=\"{&quot;background_background&quot;:&quot;classic&quot;,&quot;background_motion_fx_motion_fx_scrolling&quot;:&quot;yes&quot;,&quot;background_motion_fx_scale_effect&quot;:&quot;yes&quot;,&quot;background_motion_fx_scale_direction&quot;:&quot;out-in&quot;,&quot;background_motion_fx_scale_speed&quot;:{&quot;unit&quot;:&quot;px&quot;,&quot;size&quot;:4,&quot;sizes&quot;:[]},&quot;background_motion_fx_scale_range&quot;:{&quot;unit&quot;:&quot;%&quot;,&quot;size&quot;:&quot;&quot;,&quot;sizes&quot;:{&quot;start&quot;:20,&quot;end&quot;:80}},&quot;background_motion_fx_devices&quot;:[&quot;desktop&quot;,&quot;tablet&quot;,&quot;mobile&quot;]}\">\n\t\t\t\t<\/div>\n\t\t<div class=\"elementor-element elementor-element-aa6ec91 e-con-full elementor-hidden-mobile e-flex e-con e-child\" data-id=\"aa6ec91\" data-element_type=\"container\" data-settings=\"{&quot;background_background&quot;:&quot;classic&quot;,&quot;background_motion_fx_motion_fx_scrolling&quot;:&quot;yes&quot;,&quot;background_motion_fx_scale_effect&quot;:&quot;yes&quot;,&quot;background_motion_fx_scale_direction&quot;:&quot;out-in&quot;,&quot;background_motion_fx_scale_speed&quot;:{&quot;unit&quot;:&quot;px&quot;,&quot;size&quot;:4,&quot;sizes&quot;:[]},&quot;background_motion_fx_scale_range&quot;:{&quot;unit&quot;:&quot;%&quot;,&quot;size&quot;:&quot;&quot;,&quot;sizes&quot;:{&quot;start&quot;:20,&quot;end&quot;:80}},&quot;background_motion_fx_devices&quot;:[&quot;desktop&quot;,&quot;tablet&quot;,&quot;mobile&quot;]}\">\n\t\t\t\t<div class=\"elementor-element elementor-element-0990776 elementor-widget elementor-widget-gallery\" data-id=\"0990776\" data-element_type=\"widget\" data-settings=\"{&quot;columns&quot;:3,&quot;gallery_layout&quot;:&quot;masonry&quot;,&quot;columns_mobile&quot;:3,&quot;lazyload&quot;:&quot;yes&quot;,&quot;columns_tablet&quot;:2,&quot;gap&quot;:{&quot;unit&quot;:&quot;px&quot;,&quot;size&quot;:10,&quot;sizes&quot;:[]},&quot;gap_tablet&quot;:{&quot;unit&quot;:&quot;px&quot;,&quot;size&quot;:10,&quot;sizes&quot;:[]},&quot;gap_mobile&quot;:{&quot;unit&quot;:&quot;px&quot;,&quot;size&quot;:10,&quot;sizes&quot;:[]},&quot;link_to&quot;:&quot;file&quot;,&quot;overlay_background&quot;:&quot;yes&quot;,&quot;content_hover_animation&quot;:&quot;fade-in&quot;}\" data-widget_type=\"gallery.default\">\n\t\t\t\t\t\t\t<div class=\"elementor-gallery__container\">\n\t\t\t\t\t\t\t<a class=\"e-gallery-item elementor-gallery-item elementor-animated-content\" href=\"https:\/\/cavusuzumu.eco-travel.com.tr\/wp-content\/uploads\/2026\/01\/sirke2.webp\" data-elementor-open-lightbox=\"yes\" data-elementor-lightbox-slideshow=\"0990776\" data-elementor-lightbox-title=\"sirke2\" data-e-action-hash=\"#elementor-action%3Aaction%3Dlightbox%26settings%3DeyJpZCI6MzY4LCJ1cmwiOiJodHRwczpcL1wvY2F2dXN1enVtdS5lY28tdHJhdmVsLmNvbS50clwvd3AtY29udGVudFwvdXBsb2Fkc1wvMjAyNlwvMDFcL3NpcmtlMi53ZWJwIiwic2xpZGVzaG93IjoiMDk5MDc3NiJ9\">\n\t\t\t\t\t<div class=\"e-gallery-image elementor-gallery-item__image\" data-thumbnail=\"https:\/\/cavusuzumu.eco-travel.com.tr\/wp-content\/uploads\/2026\/01\/sirke2-768x768.webp\" data-width=\"768\" data-height=\"768\" aria-label=\"\" role=\"img\" ><\/div>\n\t\t\t\t\t\t\t\t\t\t\t<div class=\"elementor-gallery-item__overlay\"><\/div>\n\t\t\t\t\t\t\t\t\t\t\t\t\t\t<\/a>\n\t\t\t\t\t\t\t<a class=\"e-gallery-item elementor-gallery-item elementor-animated-content\" href=\"https:\/\/cavusuzumu.eco-travel.com.tr\/wp-content\/uploads\/2026\/01\/satfan3.webp\" data-elementor-open-lightbox=\"yes\" data-elementor-lightbox-slideshow=\"0990776\" data-elementor-lightbox-title=\"satfan3\" data-e-action-hash=\"#elementor-action%3Aaction%3Dlightbox%26settings%3DeyJpZCI6MzI2LCJ1cmwiOiJodHRwczpcL1wvY2F2dXN1enVtdS5lY28tdHJhdmVsLmNvbS50clwvd3AtY29udGVudFwvdXBsb2Fkc1wvMjAyNlwvMDFcL3NhdGZhbjMud2VicCIsInNsaWRlc2hvdyI6IjA5OTA3NzYifQ%3D%3D\">\n\t\t\t\t\t<div class=\"e-gallery-image elementor-gallery-item__image\" data-thumbnail=\"https:\/\/cavusuzumu.eco-travel.com.tr\/wp-content\/uploads\/2026\/01\/satfan3-768x630.webp\" data-width=\"768\" data-height=\"630\" aria-label=\"\" role=\"img\" ><\/div>\n\t\t\t\t\t\t\t\t\t\t\t<div class=\"elementor-gallery-item__overlay\"><\/div>\n\t\t\t\t\t\t\t\t\t\t\t\t\t\t<\/a>\n\t\t\t\t\t\t\t<a class=\"e-gallery-item elementor-gallery-item elementor-animated-content\" href=\"https:\/\/cavusuzumu.eco-travel.com.tr\/wp-content\/uploads\/2026\/01\/MOBIL-SLIDE-41-copy.webp\" data-elementor-open-lightbox=\"yes\" data-elementor-lightbox-slideshow=\"0990776\" data-elementor-lightbox-title=\"MOBIL SLIDE 41, copy\" data-e-action-hash=\"#elementor-action%3Aaction%3Dlightbox%26settings%3DeyJpZCI6NzI2LCJ1cmwiOiJodHRwczpcL1wvY2F2dXN1enVtdS5lY28tdHJhdmVsLmNvbS50clwvd3AtY29udGVudFwvdXBsb2Fkc1wvMjAyNlwvMDFcL01PQklMLVNMSURFLTQxLWNvcHkud2VicCIsInNsaWRlc2hvdyI6IjA5OTA3NzYifQ%3D%3D\">\n\t\t\t\t\t<div class=\"e-gallery-image elementor-gallery-item__image\" data-thumbnail=\"https:\/\/cavusuzumu.eco-travel.com.tr\/wp-content\/uploads\/2026\/01\/MOBIL-SLIDE-41-copy-768x953.webp\" data-width=\"768\" data-height=\"953\" aria-label=\"\" role=\"img\" ><\/div>\n\t\t\t\t\t\t\t\t\t\t\t<div class=\"elementor-gallery-item__overlay\"><\/div>\n\t\t\t\t\t\t\t\t\t\t\t\t\t\t<\/a>\n\t\t\t\t\t\t\t<a class=\"e-gallery-item elementor-gallery-item elementor-animated-content\" href=\"https:\/\/cavusuzumu.eco-travel.com.tr\/wp-content\/uploads\/2026\/01\/MOBIL-SLIDE-2-copy.webp\" data-elementor-open-lightbox=\"yes\" data-elementor-lightbox-slideshow=\"0990776\" data-elementor-lightbox-title=\"MOBIL SLIDE 2 copy\" data-e-action-hash=\"#elementor-action%3Aaction%3Dlightbox%26settings%3DeyJpZCI6NzI0LCJ1cmwiOiJodHRwczpcL1wvY2F2dXN1enVtdS5lY28tdHJhdmVsLmNvbS50clwvd3AtY29udGVudFwvdXBsb2Fkc1wvMjAyNlwvMDFcL01PQklMLVNMSURFLTItY29weS53ZWJwIiwic2xpZGVzaG93IjoiMDk5MDc3NiJ9\">\n\t\t\t\t\t<div class=\"e-gallery-image elementor-gallery-item__image\" data-thumbnail=\"https:\/\/cavusuzumu.eco-travel.com.tr\/wp-content\/uploads\/2026\/01\/MOBIL-SLIDE-2-copy-768x1095.webp\" data-width=\"768\" data-height=\"1095\" aria-label=\"\" role=\"img\" ><\/div>\n\t\t\t\t\t\t\t\t\t\t\t<div class=\"elementor-gallery-item__overlay\"><\/div>\n\t\t\t\t\t\t\t\t\t\t\t\t\t\t<\/a>\n\t\t\t\t\t\t\t<a class=\"e-gallery-item elementor-gallery-item elementor-animated-content\" href=\"https:\/\/cavusuzumu.eco-travel.com.tr\/wp-content\/uploads\/2026\/04\/IMG_3465-copy.webp\" data-elementor-open-lightbox=\"yes\" data-elementor-lightbox-slideshow=\"0990776\" data-elementor-lightbox-title=\"IMG_3465 copy\" data-e-action-hash=\"#elementor-action%3Aaction%3Dlightbox%26settings%3DeyJpZCI6MTIzMCwidXJsIjoiaHR0cHM6XC9cL2NhdnVzdXp1bXUuZWNvLXRyYXZlbC5jb20udHJcL3dwLWNvbnRlbnRcL3VwbG9hZHNcLzIwMjZcLzA0XC9JTUdfMzQ2NS1jb3B5LndlYnAiLCJzbGlkZXNob3ciOiIwOTkwNzc2In0%3D\">\n\t\t\t\t\t<div class=\"e-gallery-image elementor-gallery-item__image\" data-thumbnail=\"https:\/\/cavusuzumu.eco-travel.com.tr\/wp-content\/uploads\/2026\/04\/IMG_3465-copy-768x512.webp\" data-width=\"768\" data-height=\"512\" aria-label=\"\" role=\"img\" ><\/div>\n\t\t\t\t\t\t\t\t\t\t\t<div class=\"elementor-gallery-item__overlay\"><\/div>\n\t\t\t\t\t\t\t\t\t\t\t\t\t\t<\/a>\n\t\t\t\t\t\t\t<a class=\"e-gallery-item elementor-gallery-item elementor-animated-content\" href=\"https:\/\/cavusuzumu.eco-travel.com.tr\/wp-content\/uploads\/2026\/04\/IMG_0911-copy.webp\" data-elementor-open-lightbox=\"yes\" data-elementor-lightbox-slideshow=\"0990776\" data-elementor-lightbox-title=\"IMG_0911 copy\" data-e-action-hash=\"#elementor-action%3Aaction%3Dlightbox%26settings%3DeyJpZCI6MTIyOCwidXJsIjoiaHR0cHM6XC9cL2NhdnVzdXp1bXUuZWNvLXRyYXZlbC5jb20udHJcL3dwLWNvbnRlbnRcL3VwbG9hZHNcLzIwMjZcLzA0XC9JTUdfMDkxMS1jb3B5LndlYnAiLCJzbGlkZXNob3ciOiIwOTkwNzc2In0%3D\">\n\t\t\t\t\t<div class=\"e-gallery-image elementor-gallery-item__image\" data-thumbnail=\"https:\/\/cavusuzumu.eco-travel.com.tr\/wp-content\/uploads\/2026\/04\/IMG_0911-copy-768x512.webp\" data-width=\"768\" data-height=\"512\" aria-label=\"\" role=\"img\" ><\/div>\n\t\t\t\t\t\t\t\t\t\t\t<div class=\"elementor-gallery-item__overlay\"><\/div>\n\t\t\t\t\t\t\t\t\t\t\t\t\t\t<\/a>\n\t\t\t\t\t\t\t<a class=\"e-gallery-item elementor-gallery-item elementor-animated-content\" href=\"https:\/\/cavusuzumu.eco-travel.com.tr\/wp-content\/uploads\/2026\/04\/DSC_3323-copy.webp\" data-elementor-open-lightbox=\"yes\" data-elementor-lightbox-slideshow=\"0990776\" data-elementor-lightbox-title=\"DSC_3323 copy\" data-e-action-hash=\"#elementor-action%3Aaction%3Dlightbox%26settings%3DeyJpZCI6MTIyNywidXJsIjoiaHR0cHM6XC9cL2NhdnVzdXp1bXUuZWNvLXRyYXZlbC5jb20udHJcL3dwLWNvbnRlbnRcL3VwbG9hZHNcLzIwMjZcLzA0XC9EU0NfMzMyMy1jb3B5LndlYnAiLCJzbGlkZXNob3ciOiIwOTkwNzc2In0%3D\">\n\t\t\t\t\t<div class=\"e-gallery-image elementor-gallery-item__image\" data-thumbnail=\"https:\/\/cavusuzumu.eco-travel.com.tr\/wp-content\/uploads\/2026\/04\/DSC_3323-copy-768x509.webp\" data-width=\"768\" data-height=\"509\" aria-label=\"\" role=\"img\" ><\/div>\n\t\t\t\t\t\t\t\t\t\t\t<div class=\"elementor-gallery-item__overlay\"><\/div>\n\t\t\t\t\t\t\t\t\t\t\t\t\t\t<\/a>\n\t\t\t\t\t\t\t<a class=\"e-gallery-item elementor-gallery-item elementor-animated-content\" href=\"https:\/\/cavusuzumu.eco-travel.com.tr\/wp-content\/uploads\/2026\/04\/IMG_3769-copy.webp\" data-elementor-open-lightbox=\"yes\" data-elementor-lightbox-slideshow=\"0990776\" data-elementor-lightbox-title=\"IMG_3769 copy\" data-e-action-hash=\"#elementor-action%3Aaction%3Dlightbox%26settings%3DeyJpZCI6MTIzMywidXJsIjoiaHR0cHM6XC9cL2NhdnVzdXp1bXUuZWNvLXRyYXZlbC5jb20udHJcL3dwLWNvbnRlbnRcL3VwbG9hZHNcLzIwMjZcLzA0XC9JTUdfMzc2OS1jb3B5LndlYnAiLCJzbGlkZXNob3ciOiIwOTkwNzc2In0%3D\">\n\t\t\t\t\t<div class=\"e-gallery-image elementor-gallery-item__image\" data-thumbnail=\"https:\/\/cavusuzumu.eco-travel.com.tr\/wp-content\/uploads\/2026\/04\/IMG_3769-copy-768x512.webp\" data-width=\"768\" data-height=\"512\" aria-label=\"\" role=\"img\" ><\/div>\n\t\t\t\t\t\t\t\t\t\t\t<div class=\"elementor-gallery-item__overlay\"><\/div>\n\t\t\t\t\t\t\t\t\t\t\t\t\t\t<\/a>\n\t\t\t\t\t\t\t<a class=\"e-gallery-item elementor-gallery-item elementor-animated-content\" href=\"https:\/\/cavusuzumu.eco-travel.com.tr\/wp-content\/uploads\/2026\/04\/safran-safran-toplanmasi-copy.webp\" data-elementor-open-lightbox=\"yes\" data-elementor-lightbox-slideshow=\"0990776\" data-elementor-lightbox-title=\"safran, safran toplanmas\u0131 copy\" data-e-action-hash=\"#elementor-action%3Aaction%3Dlightbox%26settings%3DeyJpZCI6MTIzOSwidXJsIjoiaHR0cHM6XC9cL2NhdnVzdXp1bXUuZWNvLXRyYXZlbC5jb20udHJcL3dwLWNvbnRlbnRcL3VwbG9hZHNcLzIwMjZcLzA0XC9zYWZyYW4tc2FmcmFuLXRvcGxhbm1hc2ktY29weS53ZWJwIiwic2xpZGVzaG93IjoiMDk5MDc3NiJ9\">\n\t\t\t\t\t<div class=\"e-gallery-image elementor-gallery-item__image\" data-thumbnail=\"https:\/\/cavusuzumu.eco-travel.com.tr\/wp-content\/uploads\/2026\/04\/safran-safran-toplanmasi-copy-768x576.webp\" data-width=\"768\" data-height=\"576\" aria-label=\"\" role=\"img\" ><\/div>\n\t\t\t\t\t\t\t\t\t\t\t<div class=\"elementor-gallery-item__overlay\"><\/div>\n\t\t\t\t\t\t\t\t\t\t\t\t\t\t<\/a>\n\t\t\t\t\t\t\t<a class=\"e-gallery-item elementor-gallery-item elementor-animated-content\" href=\"https:\/\/cavusuzumu.eco-travel.com.tr\/wp-content\/uploads\/2026\/04\/b2-copy.webp\" data-elementor-open-lightbox=\"yes\" data-elementor-lightbox-slideshow=\"0990776\" data-elementor-lightbox-title=\"b2 copy\" data-e-action-hash=\"#elementor-action%3Aaction%3Dlightbox%26settings%3DeyJpZCI6MTI5MSwidXJsIjoiaHR0cHM6XC9cL2NhdnVzdXp1bXUuZWNvLXRyYXZlbC5jb20udHJcL3dwLWNvbnRlbnRcL3VwbG9hZHNcLzIwMjZcLzA0XC9iMi1jb3B5LndlYnAiLCJzbGlkZXNob3ciOiIwOTkwNzc2In0%3D\">\n\t\t\t\t\t<div class=\"e-gallery-image elementor-gallery-item__image\" data-thumbnail=\"https:\/\/cavusuzumu.eco-travel.com.tr\/wp-content\/uploads\/2026\/04\/b2-copy-768x576.webp\" data-width=\"768\" data-height=\"576\" aria-label=\"\" role=\"img\" ><\/div>\n\t\t\t\t\t\t\t\t\t\t\t<div class=\"elementor-gallery-item__overlay\"><\/div>\n\t\t\t\t\t\t\t\t\t\t\t\t\t\t<\/a>\n\t\t\t\t\t\t\t<a class=\"e-gallery-item elementor-gallery-item elementor-animated-content\" href=\"https:\/\/cavusuzumu.eco-travel.com.tr\/wp-content\/uploads\/2026\/04\/b1-copy.webp\" data-elementor-open-lightbox=\"yes\" data-elementor-lightbox-slideshow=\"0990776\" data-elementor-lightbox-title=\"b1 copy\" data-e-action-hash=\"#elementor-action%3Aaction%3Dlightbox%26settings%3DeyJpZCI6MTI5MCwidXJsIjoiaHR0cHM6XC9cL2NhdnVzdXp1bXUuZWNvLXRyYXZlbC5jb20udHJcL3dwLWNvbnRlbnRcL3VwbG9hZHNcLzIwMjZcLzA0XC9iMS1jb3B5LndlYnAiLCJzbGlkZXNob3ciOiIwOTkwNzc2In0%3D\">\n\t\t\t\t\t<div class=\"e-gallery-image elementor-gallery-item__image\" data-thumbnail=\"https:\/\/cavusuzumu.eco-travel.com.tr\/wp-content\/uploads\/2026\/04\/b1-copy-768x576.webp\" data-width=\"768\" data-height=\"576\" aria-label=\"\" role=\"img\" ><\/div>\n\t\t\t\t\t\t\t\t\t\t\t<div class=\"elementor-gallery-item__overlay\"><\/div>\n\t\t\t\t\t\t\t\t\t\t\t\t\t\t<\/a>\n\t\t\t\t\t\t\t<a class=\"e-gallery-item elementor-gallery-item elementor-animated-content\" href=\"https:\/\/cavusuzumu.eco-travel.com.tr\/wp-content\/uploads\/2026\/04\/sirke-copy.webp\" data-elementor-open-lightbox=\"yes\" data-elementor-lightbox-slideshow=\"0990776\" data-elementor-lightbox-title=\"sirke copy\" data-e-action-hash=\"#elementor-action%3Aaction%3Dlightbox%26settings%3DeyJpZCI6MTI5NSwidXJsIjoiaHR0cHM6XC9cL2NhdnVzdXp1bXUuZWNvLXRyYXZlbC5jb20udHJcL3dwLWNvbnRlbnRcL3VwbG9hZHNcLzIwMjZcLzA0XC9zaXJrZS1jb3B5LndlYnAiLCJzbGlkZXNob3ciOiIwOTkwNzc2In0%3D\">\n\t\t\t\t\t<div class=\"e-gallery-image elementor-gallery-item__image\" data-thumbnail=\"https:\/\/cavusuzumu.eco-travel.com.tr\/wp-content\/uploads\/2026\/04\/sirke-copy-768x431.webp\" data-width=\"768\" data-height=\"431\" aria-label=\"\" role=\"img\" ><\/div>\n\t\t\t\t\t\t\t\t\t\t\t<div class=\"elementor-gallery-item__overlay\"><\/div>\n\t\t\t\t\t\t\t\t\t\t\t\t\t\t<\/a>\n\t\t\t\t\t<\/div>\n\t\t\t\t\t<\/div>\n\t\t\t\t<\/div>\n\t\t\t\t<\/div>\n\t\t\t\t\t<\/div>\n\t\t\t\t<\/div>\n\t\t\t\t<\/div>","protected":false},"excerpt":{"rendered":"<p>Tarihi ve K\u00fclt\u00fcrel Miras\u0131 S\u00fcrd\u00fcr\u00fclebilir K\u0131lmak Sadece s\u0131radan bir gezi de\u011fil, bir deneyim ser\u00fcveni&#8230; Tarihi konaklar\u0131 ve otantik sokaklar\u0131yla b\u00fcy\u00fcleyen Safranbolu, ayn\u0131 zamanda ba\u011fc\u0131l\u0131k tarihinin Ge\u00e7 Roma d\u00f6nemine kadar uzand\u0131\u011f\u0131 k\u00f6kl\u00fc bir k\u00fclt\u00fcre ev sahipli\u011fi yapmaktad\u0131r. Arkeolojik buluntulardaki asma dal\u0131 ve \u00fcz\u00fcm salk\u0131m\u0131 kabartmalar\u0131, bu eme\u011fin nesilden nesile aktar\u0131lan k\u00fclt\u00fcrel bir kimlik oldu\u011funu kan\u0131tlamaktad\u0131r. Projemizin [&hellip;]<\/p>","protected":false},"author":1,"featured_media":0,"parent":0,"menu_order":0,"comment_status":"closed","ping_status":"closed","template":"elementor_header_footer","meta":{"footnotes":""},"class_list":["post-1055","page","type-page","status-publish","hentry"],"_links":{"self":[{"href":"https:\/\/cavusuzumu.eco-travel.com.tr\/en\/wp-json\/wp\/v2\/pages\/1055","targetHints":{"allow":["GET"]}}],"collection":[{"href":"https:\/\/cavusuzumu.eco-travel.com.tr\/en\/wp-json\/wp\/v2\/pages"}],"about":[{"href":"https:\/\/cavusuzumu.eco-travel.com.tr\/en\/wp-json\/wp\/v2\/types\/page"}],"author":[{"embeddable":true,"href":"https:\/\/cavusuzumu.eco-travel.com.tr\/en\/wp-json\/wp\/v2\/users\/1"}],"replies":[{"embeddable":true,"href":"https:\/\/cavusuzumu.eco-travel.com.tr\/en\/wp-json\/wp\/v2\/comments?post=1055"}],"version-history":[{"count":58,"href":"https:\/\/cavusuzumu.eco-travel.com.tr\/en\/wp-json\/wp\/v2\/pages\/1055\/revisions"}],"predecessor-version":[{"id":1400,"href":"https:\/\/cavusuzumu.eco-travel.com.tr\/en\/wp-json\/wp\/v2\/pages\/1055\/revisions\/1400"}],"wp:attachment":[{"href":"https:\/\/cavusuzumu.eco-travel.com.tr\/en\/wp-json\/wp\/v2\/media?parent=1055"}],"curies":[{"name":"wp","href":"https:\/\/api.w.org\/{rel}","templated":true}]}}