{"id":1480,"date":"2026-04-03T17:52:21","date_gmt":"2026-04-03T17:52:21","guid":{"rendered":"https:\/\/cavusuzumu.eco-travel.com.tr\/?page_id=1480"},"modified":"2026-04-20T15:32:04","modified_gmt":"2026-04-20T15:32:04","slug":"brosurler","status":"publish","type":"page","link":"https:\/\/cavusuzumu.eco-travel.com.tr\/en\/brosurler\/","title":{"rendered":"Bro\u015f\u00fcrler"},"content":{"rendered":"<div data-elementor-type=\"wp-page\" data-elementor-id=\"1480\" class=\"elementor elementor-1480\" data-elementor-post-type=\"page\">\n\t\t\t\t<div class=\"elementor-element elementor-element-85db0ef e-flex e-con-boxed e-con e-parent\" data-id=\"85db0ef\" data-element_type=\"container\" data-settings=\"{&quot;background_background&quot;:&quot;classic&quot;}\">\n\t\t\t\t\t<div class=\"e-con-inner\">\n\t\t<div class=\"elementor-element elementor-element-1104059 e-con-full e-flex e-con e-child\" data-id=\"1104059\" data-element_type=\"container\">\n\t\t<a class=\"elementor-element elementor-element-7f38ff1 e-con-full e-flex e-con e-child\" data-id=\"7f38ff1\" data-element_type=\"container\" data-settings=\"{&quot;background_background&quot;:&quot;classic&quot;}\" href=\"https:\/\/cavusuzumu.eco-travel.com.tr\/en\/?r3d=1834\" target=\"_blank\">\n\t\t\t\t<\/a>\n\t\t<div class=\"elementor-element elementor-element-16ba83b e-con-full e-flex e-con e-child\" data-id=\"16ba83b\" data-element_type=\"container\">\n\t\t\t\t<div class=\"elementor-element elementor-element-26d6818 elementor-widget elementor-widget-heading\" data-id=\"26d6818\" data-element_type=\"widget\" data-widget_type=\"heading.default\">\n\t\t\t\t\t<h2 class=\"elementor-heading-title elementor-size-default\">\u00c7AVU\u015e \u00dcZ\u00dcM\u00dc BRO\u015e\u00dcR<\/h2>\t\t\t\t<\/div>\n\t\t\t\t<\/div>\n\t\t\t\t<\/div>\n\t\t<div class=\"elementor-element elementor-element-b5c57dd e-con-full e-flex e-con e-child\" data-id=\"b5c57dd\" data-element_type=\"container\">\n\t\t<a class=\"elementor-element elementor-element-6155089 e-con-full e-flex e-con e-child\" data-id=\"6155089\" data-element_type=\"container\" data-settings=\"{&quot;background_background&quot;:&quot;classic&quot;}\" href=\"https:\/\/cavusuzumu.eco-travel.com.tr\/en\/?r3d=1838\" target=\"_blank\">\n\t\t\t\t<\/a>\n\t\t<div class=\"elementor-element elementor-element-e3ac7d7 e-con-full e-flex e-con e-child\" data-id=\"e3ac7d7\" data-element_type=\"container\">\n\t\t\t\t<div class=\"elementor-element elementor-element-eb7084d elementor-widget elementor-widget-heading\" data-id=\"eb7084d\" data-element_type=\"widget\" data-widget_type=\"heading.default\">\n\t\t\t\t\t<h2 class=\"elementor-heading-title elementor-size-default\">SAFRAN BRO\u015e\u00dcR<\/h2>\t\t\t\t<\/div>\n\t\t\t\t<\/div>\n\t\t\t\t<\/div>\n\t\t<div class=\"elementor-element elementor-element-f01cd0e e-con-full e-flex e-con e-child\" data-id=\"f01cd0e\" data-element_type=\"container\">\n\t\t<a class=\"elementor-element elementor-element-bcab775 e-con-full e-flex e-con e-child\" data-id=\"bcab775\" data-element_type=\"container\" data-settings=\"{&quot;background_background&quot;:&quot;classic&quot;}\" href=\"https:\/\/cavusuzumu.eco-travel.com.tr\/en\/?r3d=sirke-pekmez-brosur\" target=\"_blank\">\n\t\t\t\t<\/a>\n\t\t<div class=\"elementor-element elementor-element-23aef93 e-con-full e-flex e-con e-child\" data-id=\"23aef93\" data-element_type=\"container\">\n\t\t\t\t<div class=\"elementor-element elementor-element-7933ba6 elementor-widget elementor-widget-heading\" data-id=\"7933ba6\" data-element_type=\"widget\" data-widget_type=\"heading.default\">\n\t\t\t\t\t<h2 class=\"elementor-heading-title elementor-size-default\">S\u0130RKE - PEKMEZ  BRO\u015e\u00dcR<\/h2>\t\t\t\t<\/div>\n\t\t\t\t<\/div>\n\t\t\t\t<\/div>\n\t\t\t\t\t<\/div>\n\t\t\t\t<\/div>\n\t\t\t\t<\/div>","protected":false},"excerpt":{"rendered":"<p>\u00c7AVU\u015e \u00dcZ\u00dcM\u00dc BRO\u015e\u00dcR SAFRAN BRO\u015e\u00dcR S\u0130RKE &#8211; PEKMEZ BRO\u015e\u00dcR<\/p>","protected":false},"author":1,"featured_media":0,"parent":0,"menu_order":0,"comment_status":"closed","ping_status":"closed","template":"elementor_header_footer","meta":{"footnotes":""},"class_list":["post-1480","page","type-page","status-publish","hentry"],"_links":{"self":[{"href":"https:\/\/cavusuzumu.eco-travel.com.tr\/en\/wp-json\/wp\/v2\/pages\/1480","targetHints":{"allow":["GET"]}}],"collection":[{"href":"https:\/\/cavusuzumu.eco-travel.com.tr\/en\/wp-json\/wp\/v2\/pages"}],"about":[{"href":"https:\/\/cavusuzumu.eco-travel.com.tr\/en\/wp-json\/wp\/v2\/types\/page"}],"author":[{"embeddable":true,"href":"https:\/\/cavusuzumu.eco-travel.com.tr\/en\/wp-json\/wp\/v2\/users\/1"}],"replies":[{"embeddable":true,"href":"https:\/\/cavusuzumu.eco-travel.com.tr\/en\/wp-json\/wp\/v2\/comments?post=1480"}],"version-history":[{"count":181,"href":"https:\/\/cavusuzumu.eco-travel.com.tr\/en\/wp-json\/wp\/v2\/pages\/1480\/revisions"}],"predecessor-version":[{"id":1857,"href":"https:\/\/cavusuzumu.eco-travel.com.tr\/en\/wp-json\/wp\/v2\/pages\/1480\/revisions\/1857"}],"wp:attachment":[{"href":"https:\/\/cavusuzumu.eco-travel.com.tr\/en\/wp-json\/wp\/v2\/media?parent=1480"}],"curies":[{"name":"wp","href":"https:\/\/api.w.org\/{rel}","templated":true}]}}